{"id":633,"date":"2015-12-20T18:23:33","date_gmt":"2015-12-20T17:23:33","guid":{"rendered":"http:\/\/blog.dxham.de\/?page_id=633"},"modified":"2024-06-23T17:52:34","modified_gmt":"2024-06-23T16:52:34","slug":"about-dm2rm","status":"publish","type":"page","link":"https:\/\/dxham.de\/?page_id=633","title":{"rendered":"About DM2RM"},"content":{"rendered":"<p>Mitte der 1980er fand ich als Sch\u00fcler im Alter von 12 Jahren zum Amateurfunk.\u00a0 Ein Lehrer an meiner Schule, OM Rudi Y22OB ex DM2BOB, brachte mir den Amateurfunk n\u00e4her und in der Arbeitsgemeinschaft &#8222;Amateurfunk&#8220; wurden Telegrafiekenntnisse und technische Zusammenh\u00e4nge der Hochfrequenz vermittelt. Fortan wurde ich Empfangsamateur oder besser SWL &#8222;Short Wave Listener&#8220; und erhielt das H\u00f6rer-Rufzeichen Y2-EA-19202-B34 und sp\u00e4ter Y-34-21-B.<\/p>\n<p><a href=\"https:\/\/dxham.de\/wp-content\/uploads\/2015\/12\/QSL_0512.jpg\" target=\"_blank\" rel=\"noopener\"><img loading=\"lazy\" decoding=\"async\" class=\"alignleft wp-image-671 size-medium\" title=\"klicken zum vergr\u00f6ssern\" src=\"https:\/\/dxham.de\/wp-content\/uploads\/2015\/12\/QSL_0512-300x195.jpg\" alt=\"QSL_0512\" width=\"300\" height=\"195\" srcset=\"https:\/\/dxham.de\/wp-content\/uploads\/2015\/12\/QSL_0512-300x195.jpg 300w, https:\/\/dxham.de\/wp-content\/uploads\/2015\/12\/QSL_0512-768x499.jpg 768w, https:\/\/dxham.de\/wp-content\/uploads\/2015\/12\/QSL_0512-1024x666.jpg 1024w, https:\/\/dxham.de\/wp-content\/uploads\/2015\/12\/QSL_0512-972x632.jpg 972w, https:\/\/dxham.de\/wp-content\/uploads\/2015\/12\/QSL_0512.jpg 1689w\" sizes=\"auto, (max-width: 300px) 100vw, 300px\" \/><\/a>Seit 1988 bin ich nun lizensierter Funkamateur und als erstes Rufzeichen wurde mir Y34XB zugeteilt. Ich war k\u00fcnftig &#8222;Mitbenutzer&#8220; der Clubstation in G\u00fcstrow\/Meckl.. Nach der Wiedervereinigung Deutschlands teilte mir die Regulierungsbeh\u00f6rde f\u00fcr Telekommunikation und Post (RegTP &#8211; heute Bundesnetzagentur) das Rufzeichen DL5SZB zu.<\/p>\n<p>Im Dezember 2010 erhielt ich mein Wunschrufzeichen DM2RM von der Bundesnetzagentur zugeteilt, nachdem sich der Suffix meines alten Rufzeichens als dauerhafter Zungenbrecher in Phonie herausstellte. Also entschied ich mich zu einer Rufzeichen\u00e4nderung.<\/p>\n<p>&#8222;Antennengesch\u00e4digt&#8220; musste ich einige Jahre zuvor den Sendebetrieb einstellen, nachdem ich berufsbedingt nach Hamburg umgezogen bin und nach langj\u00e4hriger Pause fand ich zu meinem alten Hobby zur\u00fcck. Seit 2009 bin ich wieder auf den KW-B\u00e4ndern aktiv und das in digitalen Betriebsarten, wie PSK, RTTY, HELL, aber auch in den klassischen Betriebsarten CW und SSB.<\/p>\n","protected":false},"excerpt":{"rendered":"<p>Mitte der 1980er fand ich als Sch\u00fcler im Alter von 12 Jahren zum Amateurfunk.\u00a0 Ein Lehrer an meiner Schule, OM<\/p>\n","protected":false},"author":4,"featured_media":0,"parent":0,"menu_order":1,"comment_status":"closed","ping_status":"closed","template":"","meta":{"colormag_page_container_layout":"default_layout","colormag_page_sidebar_layout":"default_layout","footnotes":""},"class_list":["post-633","page","type-page","status-publish","hentry"],"_links":{"self":[{"href":"https:\/\/dxham.de\/index.php?rest_route=\/wp\/v2\/pages\/633","targetHints":{"allow":["GET"]}}],"collection":[{"href":"https:\/\/dxham.de\/index.php?rest_route=\/wp\/v2\/pages"}],"about":[{"href":"https:\/\/dxham.de\/index.php?rest_route=\/wp\/v2\/types\/page"}],"author":[{"embeddable":true,"href":"https:\/\/dxham.de\/index.php?rest_route=\/wp\/v2\/users\/4"}],"replies":[{"embeddable":true,"href":"https:\/\/dxham.de\/index.php?rest_route=%2Fwp%2Fv2%2Fcomments&post=633"}],"version-history":[{"count":10,"href":"https:\/\/dxham.de\/index.php?rest_route=\/wp\/v2\/pages\/633\/revisions"}],"predecessor-version":[{"id":3360,"href":"https:\/\/dxham.de\/index.php?rest_route=\/wp\/v2\/pages\/633\/revisions\/3360"}],"wp:attachment":[{"href":"https:\/\/dxham.de\/index.php?rest_route=%2Fwp%2Fv2%2Fmedia&parent=633"}],"curies":[{"name":"wp","href":"https:\/\/api.w.org\/{rel}","templated":true}]}}